{"id":257,"date":"2021-07-22T18:22:25","date_gmt":"2021-07-22T18:22:25","guid":{"rendered":"https:\/\/demo.athemes.com\/botiga\/?page_id=257"},"modified":"2024-01-08T18:50:16","modified_gmt":"2024-01-08T15:50:16","slug":"contact-us-2","status":"publish","type":"page","link":"https:\/\/www.wolstok.com\/index.php\/contact-us-2\/","title":{"rendered":"\u0130leti\u015fim"},"content":{"rendered":"\n<div style=\"height:30px\" aria-hidden=\"true\" class=\"wp-block-spacer\"><\/div>\n\n\n\n<div class=\"wp-block-columns are-vertically-aligned-center is-layout-flex wp-container-core-columns-is-layout-9d6595d7 wp-block-columns-is-layout-flex\">\n<div class=\"wp-block-column is-vertically-aligned-center is-layout-flow wp-block-column-is-layout-flow\" style=\"flex-basis:5%\"><\/div>\n\n\n\n<div class=\"wp-block-column is-vertically-aligned-center is-layout-flow wp-block-column-is-layout-flow\" style=\"flex-basis:35%\">\n<h3 class=\"wp-block-heading has-text-align-left\">WOLSTOK<\/h3>\n\n\n\n<div style=\"height:15px\" aria-hidden=\"true\" class=\"wp-block-spacer\"><\/div>\n\n\n\n<p class=\"has-text-align-left smallmargin has-small-font-size\">ADRES:<\/p>\n\n\n\n<p class=\"has-text-align-left\">K\u00fc\u00e7\u00fck Bal\u0131kl\u0131, Kestane Sk. No:11\/4 Bursa \/ TURKEY<\/p>\n\n\n\n<p class=\"has-text-align-left smallmargin has-small-font-size\">TELEFON:<\/p>\n\n\n\n<p class=\"has-text-align-left\"><a>+90 224 364 60 77<\/a><\/p>\n\n\n\n<p class=\"has-text-align-left smallmargin has-small-font-size\">E-MAIL:<\/p>\n\n\n\n<p class=\"has-text-align-left\">info@wolstok.com<\/p>\n<\/div>\n<\/div>\n\n\n\n<p><\/p>\n","protected":false},"excerpt":{"rendered":"<p>WOLSTOK ADRES: K\u00fc\u00e7\u00fck Bal\u0131kl\u0131, Kestane Sk. No:11\/4 Bursa \/ TURKEY TELEFON: +90 224 364 60 77 E-MAIL: info@wolstok.com<\/p>\n","protected":false},"author":1,"featured_media":0,"parent":0,"menu_order":0,"comment_status":"closed","ping_status":"closed","template":"","meta":{"footnotes":""},"class_list":["post-257","page","type-page","status-publish","hentry"],"aioseo_notices":[],"jetpack_sharing_enabled":true,"_links":{"self":[{"href":"https:\/\/www.wolstok.com\/index.php\/wp-json\/wp\/v2\/pages\/257","targetHints":{"allow":["GET"]}}],"collection":[{"href":"https:\/\/www.wolstok.com\/index.php\/wp-json\/wp\/v2\/pages"}],"about":[{"href":"https:\/\/www.wolstok.com\/index.php\/wp-json\/wp\/v2\/types\/page"}],"author":[{"embeddable":true,"href":"https:\/\/www.wolstok.com\/index.php\/wp-json\/wp\/v2\/users\/1"}],"replies":[{"embeddable":true,"href":"https:\/\/www.wolstok.com\/index.php\/wp-json\/wp\/v2\/comments?post=257"}],"version-history":[{"count":5,"href":"https:\/\/www.wolstok.com\/index.php\/wp-json\/wp\/v2\/pages\/257\/revisions"}],"predecessor-version":[{"id":795,"href":"https:\/\/www.wolstok.com\/index.php\/wp-json\/wp\/v2\/pages\/257\/revisions\/795"}],"wp:attachment":[{"href":"https:\/\/www.wolstok.com\/index.php\/wp-json\/wp\/v2\/media?parent=257"}],"curies":[{"name":"wp","href":"https:\/\/api.w.org\/{rel}","templated":true}]}}