{"id":362,"date":"2021-08-17T17:03:43","date_gmt":"2021-08-17T17:03:43","guid":{"rendered":"https:\/\/demo.athemes.com\/botiga\/?page_id=362"},"modified":"2025-09-23T23:30:58","modified_gmt":"2025-09-23T20:30:58","slug":"anasayfa","status":"publish","type":"page","link":"https:\/\/www.wolstok.com\/","title":{"rendered":"ANASAYFA"},"content":{"rendered":"\n<div id=\"athemes-blocks-block-6d6e6dae\" class=\"wp-block-athemes-athemes-blocks-block-container athemes-blocks-block athemes-blocks-block-6d6e6dae athemes-blocks-block-container alignfull\"><div class=\"athemes-blocks-block-container-wrapper athemes-blocks-block-container-bg-cover athemes-blocks-block-container-bg-effect-scroll\"><img class=\"athemes-blocks-background-image\" width=\"1920\" height=\"1067\" srcset=\"https:\/\/www.wolstok.com\/wp-content\/uploads\/2025\/09\/s2-1-150x150.webp 150w, https:\/\/www.wolstok.com\/wp-content\/uploads\/2025\/09\/s2-1-300x167.webp 300w, https:\/\/www.wolstok.com\/wp-content\/uploads\/2025\/09\/s2-1-1024x569.webp 1024w, https:\/\/www.wolstok.com\/wp-content\/uploads\/2025\/09\/s2-1-1320x734.webp 1140w, https:\/\/www.wolstok.com\/wp-content\/uploads\/2025\/09\/s2-1.webp 1920w, \" sizes=\"(max-width: 1920px) 100vw, 1920px\" alt=\"\"\/><div class=\"athemes-blocks-block-container-wrapper-content\">\n<div class=\"wp-block-columns is-layout-flex wp-container-core-columns-is-layout-9d6595d7 wp-block-columns-is-layout-flex\">\n<div class=\"wp-block-column is-layout-flow wp-block-column-is-layout-flow\" style=\"flex-basis:66.66%\">\n<h2 class=\"wp-block-heading has-gigantic-font-size\">S\u00fcper Yumu\u015fak<br>Kadife \u0130plik<\/h2>\n\n\n\n<div class=\"wp-block-buttons is-layout-flex wp-block-buttons-is-layout-flex\">\n<div class=\"wp-block-button\"><a class=\"wp-block-button__link wp-element-button\" href=\"https:\/\/demo.athemes.com\/botiga\/shop\/\">\u0130NCELE<\/a><\/div>\n<\/div>\n<\/div>\n\n\n\n<div class=\"wp-block-column is-layout-flow wp-block-column-is-layout-flow\" style=\"flex-basis:33.33%\"><\/div>\n<\/div>\n<\/div><\/div><\/div>\n\n\n\n<div style=\"height:100px\" aria-hidden=\"true\" class=\"wp-block-spacer\"><\/div>\n\n\n\n<h3 class=\"wp-block-heading has-text-align-center\">\u00dcR\u00dcNLER<\/h3>\n\n\n\n<div class=\"wp-block-group\"><div class=\"wp-block-group__inner-container is-layout-constrained wp-block-group-is-layout-constrained\">\n<div class=\"wp-block-columns is-layout-flex wp-container-core-columns-is-layout-9d6595d7 wp-block-columns-is-layout-flex\">\n<div class=\"wp-block-column is-layout-flow wp-block-column-is-layout-flow\"><div class=\"wp-block-image is-style-default\">\n<figure class=\"aligncenter size-large\"><a href=\"https:\/\/www.wolstok.com\/index.php\/urun-kategori\/bunnybaby\/\" rel=\"https:\/\/www.wolstok.com\/index.php\/urun-kategori\/bunnybaby\/\"><img loading=\"lazy\" decoding=\"async\" width=\"1024\" height=\"1024\" src=\"https:\/\/www.wolstok.com\/wp-content\/uploads\/2024\/01\/26-1024x1024.jpg\" alt=\"\" class=\"wp-image-582\" srcset=\"https:\/\/www.wolstok.com\/wp-content\/uploads\/2024\/01\/26-1024x1024.jpg 1024w, https:\/\/www.wolstok.com\/wp-content\/uploads\/2024\/01\/26-420x420.jpg 420w, https:\/\/www.wolstok.com\/wp-content\/uploads\/2024\/01\/26-100x100.jpg 100w, https:\/\/www.wolstok.com\/wp-content\/uploads\/2024\/01\/26-800x800.jpg 800w, https:\/\/www.wolstok.com\/wp-content\/uploads\/2024\/01\/26-300x300.jpg 300w, https:\/\/www.wolstok.com\/wp-content\/uploads\/2024\/01\/26-150x150.jpg 150w, https:\/\/www.wolstok.com\/wp-content\/uploads\/2024\/01\/26-768x768.jpg 768w, https:\/\/www.wolstok.com\/wp-content\/uploads\/2024\/01\/26-1536x1536.jpg 1536w, https:\/\/www.wolstok.com\/wp-content\/uploads\/2024\/01\/26-2048x2048.jpg 2048w, https:\/\/www.wolstok.com\/wp-content\/uploads\/2024\/01\/26-1140x1140.jpg 1140w, https:\/\/www.wolstok.com\/wp-content\/uploads\/2024\/01\/26-920x920.jpg 920w, https:\/\/www.wolstok.com\/wp-content\/uploads\/2024\/01\/26-575x575.jpg 575w, https:\/\/www.wolstok.com\/wp-content\/uploads\/2024\/01\/26-380x380.jpg 380w, https:\/\/www.wolstok.com\/wp-content\/uploads\/2024\/01\/26-1320x1320.jpg 1320w\" sizes=\"auto, (max-width: 1024px) 100vw, 1024px\" \/><\/a><\/figure>\n<\/div>\n\n\n<p class=\"has-text-align-center\"><a style=\"text-decoration:none;\" href=\"https:\/\/demo.athemes.com\/botiga\/product-category\/cosmetics\/\" data-type=\"URL\" data-id=\"https:\/\/demo.athemes.com\/botiga\/product-category\/cosmetics\/\">BUNNY BABY<\/a><\/p>\n<\/div>\n\n\n\n<div class=\"wp-block-column is-layout-flow wp-block-column-is-layout-flow\"><div class=\"wp-block-image\">\n<figure class=\"aligncenter size-large\"><a href=\"https:\/\/www.wolstok.com\/index.php\/urun-kategori\/bunnyshine\/\" rel=\"https:\/\/www.wolstok.com\/index.php\/urun-kategori\/bunnyshine\/\"><img loading=\"lazy\" decoding=\"async\" width=\"1024\" height=\"1024\" src=\"https:\/\/www.wolstok.com\/wp-content\/uploads\/2024\/01\/08-1-1024x1024.jpg\" alt=\"\" class=\"wp-image-589\" srcset=\"https:\/\/www.wolstok.com\/wp-content\/uploads\/2024\/01\/08-1-1024x1024.jpg 1024w, https:\/\/www.wolstok.com\/wp-content\/uploads\/2024\/01\/08-1-420x420.jpg 420w, https:\/\/www.wolstok.com\/wp-content\/uploads\/2024\/01\/08-1-100x100.jpg 100w, https:\/\/www.wolstok.com\/wp-content\/uploads\/2024\/01\/08-1-800x800.jpg 800w, https:\/\/www.wolstok.com\/wp-content\/uploads\/2024\/01\/08-1-300x300.jpg 300w, https:\/\/www.wolstok.com\/wp-content\/uploads\/2024\/01\/08-1-150x150.jpg 150w, https:\/\/www.wolstok.com\/wp-content\/uploads\/2024\/01\/08-1-768x768.jpg 768w, https:\/\/www.wolstok.com\/wp-content\/uploads\/2024\/01\/08-1-1536x1536.jpg 1536w, https:\/\/www.wolstok.com\/wp-content\/uploads\/2024\/01\/08-1-2048x2048.jpg 2048w, https:\/\/www.wolstok.com\/wp-content\/uploads\/2024\/01\/08-1-1140x1140.jpg 1140w, https:\/\/www.wolstok.com\/wp-content\/uploads\/2024\/01\/08-1-920x920.jpg 920w, https:\/\/www.wolstok.com\/wp-content\/uploads\/2024\/01\/08-1-575x575.jpg 575w, https:\/\/www.wolstok.com\/wp-content\/uploads\/2024\/01\/08-1-380x380.jpg 380w, https:\/\/www.wolstok.com\/wp-content\/uploads\/2024\/01\/08-1-1320x1319.jpg 1320w\" sizes=\"auto, (max-width: 1024px) 100vw, 1024px\" \/><\/a><\/figure>\n<\/div>\n\n\n<p class=\"has-text-align-center\"><a style=\"text-decoration:none;\" href=\"https:\/\/demo.athemes.com\/botiga\/product-category\/cosmetics\/\" data-type=\"URL\" data-id=\"https:\/\/demo.athemes.com\/botiga\/product-category\/cosmetics\/\">BUNNY SHINE<\/a><\/p>\n<\/div>\n\n\n\n<div class=\"wp-block-column is-layout-flow wp-block-column-is-layout-flow\"><div class=\"wp-block-image\">\n<figure class=\"aligncenter size-large\"><a href=\"https:\/\/www.wolstok.com\/index.php\/urun-kategori\/fox\/\" rel=\"https:\/\/www.wolstok.com\/index.php\/urun-kategori\/fox\/\"><img loading=\"lazy\" decoding=\"async\" width=\"1024\" height=\"1024\" src=\"https:\/\/www.wolstok.com\/wp-content\/uploads\/2024\/01\/38-1024x1024.jpg\" alt=\"\" class=\"wp-image-590\" srcset=\"https:\/\/www.wolstok.com\/wp-content\/uploads\/2024\/01\/38-1024x1024.jpg 1024w, https:\/\/www.wolstok.com\/wp-content\/uploads\/2024\/01\/38-scaled-420x420.jpg 420w, https:\/\/www.wolstok.com\/wp-content\/uploads\/2024\/01\/38-scaled-100x100.jpg 100w, https:\/\/www.wolstok.com\/wp-content\/uploads\/2024\/01\/38-scaled-800x800.jpg 800w, https:\/\/www.wolstok.com\/wp-content\/uploads\/2024\/01\/38-300x300.jpg 300w, https:\/\/www.wolstok.com\/wp-content\/uploads\/2024\/01\/38-150x150.jpg 150w, https:\/\/www.wolstok.com\/wp-content\/uploads\/2024\/01\/38-768x768.jpg 768w, https:\/\/www.wolstok.com\/wp-content\/uploads\/2024\/01\/38-1536x1536.jpg 1536w, https:\/\/www.wolstok.com\/wp-content\/uploads\/2024\/01\/38-2048x2048.jpg 2048w, https:\/\/www.wolstok.com\/wp-content\/uploads\/2024\/01\/38-1140x1140.jpg 1140w, https:\/\/www.wolstok.com\/wp-content\/uploads\/2024\/01\/38-920x920.jpg 920w, https:\/\/www.wolstok.com\/wp-content\/uploads\/2024\/01\/38-575x575.jpg 575w, https:\/\/www.wolstok.com\/wp-content\/uploads\/2024\/01\/38-380x380.jpg 380w, https:\/\/www.wolstok.com\/wp-content\/uploads\/2024\/01\/38-1320x1320.jpg 1320w\" sizes=\"auto, (max-width: 1024px) 100vw, 1024px\" \/><\/a><\/figure>\n<\/div>\n\n\n<p class=\"has-text-align-center\"><a style=\"text-decoration:none;\" href=\"https:\/\/demo.athemes.com\/botiga\/product-category\/cosmetics\/\">FOX<\/a><\/p>\n<\/div>\n<\/div>\n<\/div><\/div>\n\n\n\n<div style=\"height:100px\" aria-hidden=\"true\" class=\"wp-block-spacer\"><\/div>\n\n\n\n<div id=\"athemes-blocks-block-7f669df3\" class=\"wp-block-athemes-athemes-blocks-block-container athemes-blocks-block athemes-blocks-block-7f669df3 athemes-blocks-block-container alignfull athemes-blocks-block-hide-on-mobile\"><div class=\"athemes-blocks-block-container-wrapper athemes-blocks-block-container-bg-cover athemes-blocks-block-container-bg-effect-scroll\"><img class=\"athemes-blocks-background-image\" width=\"1440\" height=\"580\" srcset=\"https:\/\/www.wolstok.com\/wp-content\/uploads\/2024\/01\/Untitled-1-150x150.jpg 150w, https:\/\/www.wolstok.com\/wp-content\/uploads\/2024\/01\/Untitled-1-300x121.jpg 300w, https:\/\/www.wolstok.com\/wp-content\/uploads\/2024\/01\/Untitled-1-1024x412.jpg 1024w, https:\/\/www.wolstok.com\/wp-content\/uploads\/2024\/01\/Untitled-1-1320x532.jpg 1140w, https:\/\/www.wolstok.com\/wp-content\/uploads\/2024\/01\/Untitled-1.jpg 1440w, \" sizes=\"(max-width: 1440px) 100vw, 1440px\" alt=\"\"\/><div class=\"athemes-blocks-block-container-wrapper-content\"><\/div><\/div><\/div>\n\n\n\n<div style=\"height:100px\" aria-hidden=\"true\" class=\"wp-block-spacer\"><\/div>\n\n\n\n<h3 class=\"wp-block-heading has-text-align-center\">YEN\u0130 \u0130PLER<\/h3>\n\n\n<div data-block-name=\"woocommerce\/product-new\" data-content-visibility=\"{&quot;title&quot;:true,&quot;price&quot;:true,&quot;rating&quot;:false,&quot;button&quot;:true}\" data-rows=\"1\" class=\"wc-block-grid wp-block-product-new wp-block-woocommerce-product-new wc-block-product-new has-3-columns\"><ul class=\"wc-block-grid__products\"><li class=\"wc-block-grid__product product-grid \">\n\t\t\t\t<div class=\"loop-image-wrap botiga-add-to-cart-button-layout2\">\n\t\t\t\t\t<a href=\"https:\/\/www.wolstok.com\/index.php\/urun\/fox-yaban-mersini-130-50\/\" class=\"wc-block-grid__product-link\">\n\t\t\t\t\t\t<div class=\"wc-block-grid__product-image\"><img loading=\"lazy\" decoding=\"async\" width=\"420\" height=\"420\" src=\"https:\/\/www.wolstok.com\/wp-content\/uploads\/2026\/01\/DSC_0132-420x420.jpg\" class=\"attachment-woocommerce_thumbnail size-woocommerce_thumbnail\" alt=\"FOX \u2013 YABAN MERS\u0130N\u0130 | 130-50\" srcset=\"https:\/\/www.wolstok.com\/wp-content\/uploads\/2026\/01\/DSC_0132-420x420.jpg 420w, https:\/\/www.wolstok.com\/wp-content\/uploads\/2026\/01\/DSC_0132-150x150.jpg 150w, https:\/\/www.wolstok.com\/wp-content\/uploads\/2026\/01\/DSC_0132-100x100.jpg 100w\" sizes=\"auto, (max-width: 420px) 100vw, 420px\" \/><\/div>\n\t\t\t\t\t<\/a><span class=\"onsale\">%20 \u0130ndirim<\/span><\/div><a href=\"https:\/\/www.wolstok.com\/index.php\/urun\/fox-yaban-mersini-130-50\/\" class=\"wc-block-grid__product-link\">\n\t\t\t\t\t<div class=\"wc-block-grid__product-title\">FOX \u2013 YABAN MERS\u0130N\u0130 | 130-50<\/div>\n\t\t\t\t<\/a><div class=\"wc-block-grid__product-price price\"><del aria-hidden=\"true\"><span class=\"woocommerce-Price-amount amount\"><span class=\"woocommerce-Price-currencySymbol\">&#8378;<\/span>125,00<\/span><\/del> <span class=\"screen-reader-text\">Orijinal fiyat: &#8378;125,00.<\/span><ins aria-hidden=\"true\"><span class=\"woocommerce-Price-amount amount\"><span class=\"woocommerce-Price-currencySymbol\">&#8378;<\/span>100,00<\/span><\/ins><span class=\"screen-reader-text\">\u015eu andaki fiyat: &#8378;100,00.<\/span><\/div><div class=\"loop-button-wrap button-layout2\"><div class=\"wp-block-button wc-block-grid__product-add-to-cart\"><a href=\"\/index.php\/wp-json\/wp\/v2\/pages\/362?add-to-cart=1044\" aria-label=\"Sepete ekle: \u201cFOX \u2013 YABAN MERS\u0130N\u0130 | 130-50\u201d\" data-quantity=\"1\" data-product_id=\"1044\" data-product_sku=\"\" rel=\"nofollow\" class=\"wp-block-button__link add_to_cart_button ajax_add_to_cart\">Sepete Ekle<\/a><\/div><\/div><\/li><li class=\"wc-block-grid__product product-grid \">\n\t\t\t\t<div class=\"loop-image-wrap botiga-add-to-cart-button-layout2\">\n\t\t\t\t\t<a href=\"https:\/\/www.wolstok.com\/index.php\/urun\/fox-cimen-yesili-130-47\/\" class=\"wc-block-grid__product-link\">\n\t\t\t\t\t\t<div class=\"wc-block-grid__product-image\"><img loading=\"lazy\" decoding=\"async\" width=\"420\" height=\"420\" src=\"https:\/\/www.wolstok.com\/wp-content\/uploads\/2026\/01\/DSC_0125-420x420.jpg\" class=\"attachment-woocommerce_thumbnail size-woocommerce_thumbnail\" alt=\"FOX \u2013 DUMAN | 130-30\" srcset=\"https:\/\/www.wolstok.com\/wp-content\/uploads\/2026\/01\/DSC_0125-420x420.jpg 420w, https:\/\/www.wolstok.com\/wp-content\/uploads\/2026\/01\/DSC_0125-150x150.jpg 150w, https:\/\/www.wolstok.com\/wp-content\/uploads\/2026\/01\/DSC_0125-100x100.jpg 100w\" sizes=\"auto, (max-width: 420px) 100vw, 420px\" \/><\/div>\n\t\t\t\t\t<\/a><span class=\"onsale\">%20 \u0130ndirim<\/span><\/div><a href=\"https:\/\/www.wolstok.com\/index.php\/urun\/fox-cimen-yesili-130-47\/\" class=\"wc-block-grid__product-link\">\n\t\t\t\t\t<div class=\"wc-block-grid__product-title\">FOX \u2013 DUMAN | 130-30<\/div>\n\t\t\t\t<\/a><div class=\"wc-block-grid__product-price price\"><del aria-hidden=\"true\"><span class=\"woocommerce-Price-amount amount\"><span class=\"woocommerce-Price-currencySymbol\">&#8378;<\/span>125,00<\/span><\/del> <span class=\"screen-reader-text\">Orijinal fiyat: &#8378;125,00.<\/span><ins aria-hidden=\"true\"><span class=\"woocommerce-Price-amount amount\"><span class=\"woocommerce-Price-currencySymbol\">&#8378;<\/span>100,00<\/span><\/ins><span class=\"screen-reader-text\">\u015eu andaki fiyat: &#8378;100,00.<\/span><\/div><div class=\"loop-button-wrap button-layout2\"><div class=\"wp-block-button wc-block-grid__product-add-to-cart\"><a href=\"\/index.php\/wp-json\/wp\/v2\/pages\/362?add-to-cart=1036\" aria-label=\"Sepete ekle: \u201cFOX \u2013 DUMAN | 130-30\u201d\" data-quantity=\"1\" data-product_id=\"1036\" data-product_sku=\"\" rel=\"nofollow\" class=\"wp-block-button__link add_to_cart_button ajax_add_to_cart\">Sepete Ekle<\/a><\/div><\/div><\/li><li class=\"wc-block-grid__product product-grid \">\n\t\t\t\t<div class=\"loop-image-wrap botiga-add-to-cart-button-layout2\">\n\t\t\t\t\t<a href=\"https:\/\/www.wolstok.com\/index.php\/urun\/fox-fistik-yesili-130-46\/\" class=\"wc-block-grid__product-link\">\n\t\t\t\t\t\t<div class=\"wc-block-grid__product-image\"><img loading=\"lazy\" decoding=\"async\" width=\"420\" height=\"420\" src=\"https:\/\/www.wolstok.com\/wp-content\/uploads\/2026\/01\/DSC_0115-420x420.jpg\" class=\"attachment-woocommerce_thumbnail size-woocommerce_thumbnail\" alt=\"FOX - FISTIK YE\u015e\u0130L\u0130 | 130-46\" srcset=\"https:\/\/www.wolstok.com\/wp-content\/uploads\/2026\/01\/DSC_0115-420x420.jpg 420w, https:\/\/www.wolstok.com\/wp-content\/uploads\/2026\/01\/DSC_0115-150x150.jpg 150w, https:\/\/www.wolstok.com\/wp-content\/uploads\/2026\/01\/DSC_0115-100x100.jpg 100w\" sizes=\"auto, (max-width: 420px) 100vw, 420px\" \/><\/div>\n\t\t\t\t\t<\/a><span class=\"onsale\">%20 \u0130ndirim<\/span><\/div><a href=\"https:\/\/www.wolstok.com\/index.php\/urun\/fox-fistik-yesili-130-46\/\" class=\"wc-block-grid__product-link\">\n\t\t\t\t\t<div class=\"wc-block-grid__product-title\">FOX &#8211; FISTIK YE\u015e\u0130L\u0130 | 130-46<\/div>\n\t\t\t\t<\/a><div class=\"wc-block-grid__product-price price\"><del aria-hidden=\"true\"><span class=\"woocommerce-Price-amount amount\"><span class=\"woocommerce-Price-currencySymbol\">&#8378;<\/span>125,00<\/span><\/del> <span class=\"screen-reader-text\">Orijinal fiyat: &#8378;125,00.<\/span><ins aria-hidden=\"true\"><span class=\"woocommerce-Price-amount amount\"><span class=\"woocommerce-Price-currencySymbol\">&#8378;<\/span>100,00<\/span><\/ins><span class=\"screen-reader-text\">\u015eu andaki fiyat: &#8378;100,00.<\/span><\/div><div class=\"loop-button-wrap button-layout2\"><div class=\"wp-block-button wc-block-grid__product-add-to-cart\"><a href=\"\/index.php\/wp-json\/wp\/v2\/pages\/362?add-to-cart=1033\" aria-label=\"Sepete ekle: \u201cFOX - FISTIK YE\u015e\u0130L\u0130 | 130-46\u201d\" data-quantity=\"1\" data-product_id=\"1033\" data-product_sku=\"\" rel=\"nofollow\" class=\"wp-block-button__link add_to_cart_button ajax_add_to_cart\">Sepete Ekle<\/a><\/div><\/div><\/li><\/ul><\/div>\n\n\n<div style=\"height:90px\" aria-hidden=\"true\" class=\"wp-block-spacer\"><\/div>\n","protected":false},"excerpt":{"rendered":"<p>\u00dcR\u00dcNLER BUNNY BABY BUNNY SHINE FOX YEN\u0130 \u0130PLER<\/p>\n","protected":false},"author":1,"featured_media":0,"parent":0,"menu_order":0,"comment_status":"closed","ping_status":"closed","template":"","meta":{"footnotes":""},"class_list":["post-362","page","type-page","status-publish","hentry"],"aioseo_notices":[],"jetpack_sharing_enabled":true,"_links":{"self":[{"href":"https:\/\/www.wolstok.com\/index.php\/wp-json\/wp\/v2\/pages\/362","targetHints":{"allow":["GET"]}}],"collection":[{"href":"https:\/\/www.wolstok.com\/index.php\/wp-json\/wp\/v2\/pages"}],"about":[{"href":"https:\/\/www.wolstok.com\/index.php\/wp-json\/wp\/v2\/types\/page"}],"author":[{"embeddable":true,"href":"https:\/\/www.wolstok.com\/index.php\/wp-json\/wp\/v2\/users\/1"}],"replies":[{"embeddable":true,"href":"https:\/\/www.wolstok.com\/index.php\/wp-json\/wp\/v2\/comments?post=362"}],"version-history":[{"count":20,"href":"https:\/\/www.wolstok.com\/index.php\/wp-json\/wp\/v2\/pages\/362\/revisions"}],"predecessor-version":[{"id":1012,"href":"https:\/\/www.wolstok.com\/index.php\/wp-json\/wp\/v2\/pages\/362\/revisions\/1012"}],"wp:attachment":[{"href":"https:\/\/www.wolstok.com\/index.php\/wp-json\/wp\/v2\/media?parent=362"}],"curies":[{"name":"wp","href":"https:\/\/api.w.org\/{rel}","templated":true}]}}