{"id":1044,"date":"2026-01-21T11:24:00","date_gmt":"2026-01-21T08:24:00","guid":{"rendered":"https:\/\/www.wolstok.com\/?post_type=product&#038;p=1044"},"modified":"2026-01-21T11:24:36","modified_gmt":"2026-01-21T08:24:36","slug":"fox-yaban-mersini-130-50","status":"publish","type":"product","link":"https:\/\/www.wolstok.com\/index.php\/urun\/fox-yaban-mersini-130-50\/","title":{"rendered":"FOX \u2013 YABAN MERS\u0130N\u0130 | 130-50"},"content":{"rendered":"","protected":false},"excerpt":{"rendered":"<p>%100 Super-Soft Polyester<br \/>\n100grs. \/ 3 oz .<br \/>\n100 mts. \/ 109 yds.<\/p>\n<p><strong><label for=\"payment_method_bacs\">*Sitemizde al\u0131\u015fveri\u015fler Banka Havalesi\/EFT\u00a0 y\u00f6ntemi ile ger\u00e7ekle\u015ftirilmektedir.<\/label><\/strong><\/p>\n","protected":false},"featured_media":1045,"comment_status":"open","ping_status":"closed","template":"","meta":[],"product_brand":[],"product_cat":[22],"product_tag":[],"class_list":{"0":"post-1044","1":"product","2":"type-product","3":"status-publish","4":"has-post-thumbnail","6":"product_cat-fox","8":"first","9":"instock","10":"sale","11":"taxable","12":"shipping-taxable","13":"purchasable","14":"product-type-simple"},"aioseo_notices":[],"jetpack_sharing_enabled":true,"_links":{"self":[{"href":"https:\/\/www.wolstok.com\/index.php\/wp-json\/wp\/v2\/product\/1044","targetHints":{"allow":["GET"]}}],"collection":[{"href":"https:\/\/www.wolstok.com\/index.php\/wp-json\/wp\/v2\/product"}],"about":[{"href":"https:\/\/www.wolstok.com\/index.php\/wp-json\/wp\/v2\/types\/product"}],"replies":[{"embeddable":true,"href":"https:\/\/www.wolstok.com\/index.php\/wp-json\/wp\/v2\/comments?post=1044"}],"wp:featuredmedia":[{"embeddable":true,"href":"https:\/\/www.wolstok.com\/index.php\/wp-json\/wp\/v2\/media\/1045"}],"wp:attachment":[{"href":"https:\/\/www.wolstok.com\/index.php\/wp-json\/wp\/v2\/media?parent=1044"}],"wp:term":[{"taxonomy":"product_brand","embeddable":true,"href":"https:\/\/www.wolstok.com\/index.php\/wp-json\/wp\/v2\/product_brand?post=1044"},{"taxonomy":"product_cat","embeddable":true,"href":"https:\/\/www.wolstok.com\/index.php\/wp-json\/wp\/v2\/product_cat?post=1044"},{"taxonomy":"product_tag","embeddable":true,"href":"https:\/\/www.wolstok.com\/index.php\/wp-json\/wp\/v2\/product_tag?post=1044"}],"curies":[{"name":"wp","href":"https:\/\/api.w.org\/{rel}","templated":true}]}}