{"id":715,"date":"2024-01-06T17:28:55","date_gmt":"2024-01-06T14:28:55","guid":{"rendered":"https:\/\/www.wolstok.com\/?post_type=product&#038;p=715"},"modified":"2025-09-15T00:32:56","modified_gmt":"2025-09-14T21:32:56","slug":"bunny-shine-pas-100-28","status":"publish","type":"product","link":"https:\/\/www.wolstok.com\/index.php\/urun\/bunny-shine-pas-100-28\/","title":{"rendered":"BUNNY SHINE \u2013 PAS | 100-28"},"content":{"rendered":"<p>S\u00fcper yumu\u015fak tu\u015feli simli kadife iplik. Bunny Shine bebek k\u0131yafetleri, bebek battaniyesi, Amigurum oyuncak, yeti\u015fkin ceket \u00f6rmek i\u00e7in m\u00fcthi\u015f bir ipliktir. Ayr\u0131ca bu iplik ev aksesuarlar\u0131 \u00f6rmek i\u00e7in de uygundur.<\/p>\n","protected":false},"excerpt":{"rendered":"<p>%92 Super-Soft Polyester %8 Sim<br \/>\n100grs. \/ 3 oz .<br \/>\n110 mts. \/ 120 yds.<\/p>\n<p><strong><label for=\"payment_method_bacs\">*Sitemizde al\u0131\u015fveri\u015fler Banka Havalesi\/EFT\u00a0 y\u00f6ntemi ile ger\u00e7ekle\u015ftirilmektedir.<\/label><\/strong><\/p>\n","protected":false},"featured_media":702,"comment_status":"open","ping_status":"closed","template":"","meta":[],"product_brand":[],"product_cat":[18],"product_tag":[],"class_list":{"0":"post-715","1":"product","2":"type-product","3":"status-publish","4":"has-post-thumbnail","6":"product_cat-bunnyshine","8":"first","9":"instock","10":"sale","11":"taxable","12":"shipping-taxable","13":"purchasable","14":"product-type-simple"},"aioseo_notices":[],"jetpack_sharing_enabled":true,"_links":{"self":[{"href":"https:\/\/www.wolstok.com\/index.php\/wp-json\/wp\/v2\/product\/715","targetHints":{"allow":["GET"]}}],"collection":[{"href":"https:\/\/www.wolstok.com\/index.php\/wp-json\/wp\/v2\/product"}],"about":[{"href":"https:\/\/www.wolstok.com\/index.php\/wp-json\/wp\/v2\/types\/product"}],"replies":[{"embeddable":true,"href":"https:\/\/www.wolstok.com\/index.php\/wp-json\/wp\/v2\/comments?post=715"}],"wp:featuredmedia":[{"embeddable":true,"href":"https:\/\/www.wolstok.com\/index.php\/wp-json\/wp\/v2\/media\/702"}],"wp:attachment":[{"href":"https:\/\/www.wolstok.com\/index.php\/wp-json\/wp\/v2\/media?parent=715"}],"wp:term":[{"taxonomy":"product_brand","embeddable":true,"href":"https:\/\/www.wolstok.com\/index.php\/wp-json\/wp\/v2\/product_brand?post=715"},{"taxonomy":"product_cat","embeddable":true,"href":"https:\/\/www.wolstok.com\/index.php\/wp-json\/wp\/v2\/product_cat?post=715"},{"taxonomy":"product_tag","embeddable":true,"href":"https:\/\/www.wolstok.com\/index.php\/wp-json\/wp\/v2\/product_tag?post=715"}],"curies":[{"name":"wp","href":"https:\/\/api.w.org\/{rel}","templated":true}]}}