{"id":860,"date":"2024-02-07T21:32:53","date_gmt":"2024-02-07T18:32:53","guid":{"rendered":"https:\/\/www.wolstok.com\/?post_type=product&#038;p=860"},"modified":"2025-09-14T15:39:12","modified_gmt":"2025-09-14T12:39:12","slug":"bunny-baby-terracotta-100-27","status":"publish","type":"product","link":"https:\/\/www.wolstok.com\/index.php\/urun\/bunny-baby-terracotta-100-27\/","title":{"rendered":"BUNNY BABY &#8211; TERAKOTA | 100-27"},"content":{"rendered":"<p>S\u00fcper yumu\u015fak tu\u015feli kadife iplik. Bunny Baby bebek k\u0131yafetleri, bebek battaniyesi, Amigurum oyuncak, yeti\u015fkin ceket \u00f6rmek i\u00e7in m\u00fcthi\u015f bir ipliktir. Ayr\u0131ca bu iplik ev aksesuarlar\u0131 \u00f6rmek i\u00e7in de uygundur.<\/p>\n","protected":false},"excerpt":{"rendered":"<p>%100 Super-Soft Polyester<br \/>\n100grs. \/ 3 oz .<br \/>\n120 mts. \/ 131 yds.<\/p>\n","protected":false},"featured_media":839,"comment_status":"open","ping_status":"closed","template":"","meta":[],"product_brand":[],"product_cat":[24],"product_tag":[],"class_list":{"0":"post-860","1":"product","2":"type-product","3":"status-publish","4":"has-post-thumbnail","6":"product_cat-bunnybaby","8":"first","9":"instock","10":"sale","11":"taxable","12":"shipping-taxable","13":"purchasable","14":"product-type-simple"},"aioseo_notices":[],"jetpack_sharing_enabled":true,"_links":{"self":[{"href":"https:\/\/www.wolstok.com\/index.php\/wp-json\/wp\/v2\/product\/860","targetHints":{"allow":["GET"]}}],"collection":[{"href":"https:\/\/www.wolstok.com\/index.php\/wp-json\/wp\/v2\/product"}],"about":[{"href":"https:\/\/www.wolstok.com\/index.php\/wp-json\/wp\/v2\/types\/product"}],"replies":[{"embeddable":true,"href":"https:\/\/www.wolstok.com\/index.php\/wp-json\/wp\/v2\/comments?post=860"}],"wp:featuredmedia":[{"embeddable":true,"href":"https:\/\/www.wolstok.com\/index.php\/wp-json\/wp\/v2\/media\/839"}],"wp:attachment":[{"href":"https:\/\/www.wolstok.com\/index.php\/wp-json\/wp\/v2\/media?parent=860"}],"wp:term":[{"taxonomy":"product_brand","embeddable":true,"href":"https:\/\/www.wolstok.com\/index.php\/wp-json\/wp\/v2\/product_brand?post=860"},{"taxonomy":"product_cat","embeddable":true,"href":"https:\/\/www.wolstok.com\/index.php\/wp-json\/wp\/v2\/product_cat?post=860"},{"taxonomy":"product_tag","embeddable":true,"href":"https:\/\/www.wolstok.com\/index.php\/wp-json\/wp\/v2\/product_tag?post=860"}],"curies":[{"name":"wp","href":"https:\/\/api.w.org\/{rel}","templated":true}]}}